{"id":211,"date":"2017-09-26T00:11:47","date_gmt":"2017-09-25T23:11:47","guid":{"rendered":"http:\/\/judo-spay.fr\/?page_id=211"},"modified":"2017-09-26T00:55:19","modified_gmt":"2017-09-25T23:55:19","slug":"comprendre-le-language-du-judo","status":"publish","type":"page","link":"http:\/\/judo-spay.fr\/?page_id=211","title":{"rendered":"Comprendre le language du Judo"},"content":{"rendered":"<p>Voici un petit fichier qui pourra vous accompagnez apr\u00e8s vos cours et vous familiariser avec le vocabulaire entendu sur les tatamis.<\/p>\n<p><a href=\"http:\/\/judo-spay.fr\/wp-content\/uploads\/2017\/09\/icons8-\u00c9tag\u00e8re-\u00e0-livres-64.png\"><img decoding=\"async\" loading=\"lazy\" src=\"http:\/\/judo-spay.fr\/wp-content\/uploads\/2017\/09\/icons8-\u00c9tag\u00e8re-\u00e0-livres-64.png\" alt=\"\" width=\"64\" height=\"64\" class=\"alignnone size-full wp-image-238\" \/><\/a><br \/>\nhttp:\/\/www.ffjudo.com\/lexique<\/p>\n","protected":false},"excerpt":{"rendered":"<p>Voici un petit fichier qui pourra vous accompagnez apr\u00e8s vos cours et vous familiariser avec le vocabulaire entendu sur les tatamis. http:\/\/www.ffjudo.com\/lexique<\/p>\n","protected":false},"author":1,"featured_media":0,"parent":0,"menu_order":0,"comment_status":"closed","ping_status":"closed","template":"","meta":{"footnotes":""},"_links":{"self":[{"href":"http:\/\/judo-spay.fr\/index.php?rest_route=\/wp\/v2\/pages\/211"}],"collection":[{"href":"http:\/\/judo-spay.fr\/index.php?rest_route=\/wp\/v2\/pages"}],"about":[{"href":"http:\/\/judo-spay.fr\/index.php?rest_route=\/wp\/v2\/types\/page"}],"author":[{"embeddable":true,"href":"http:\/\/judo-spay.fr\/index.php?rest_route=\/wp\/v2\/users\/1"}],"replies":[{"embeddable":true,"href":"http:\/\/judo-spay.fr\/index.php?rest_route=%2Fwp%2Fv2%2Fcomments&post=211"}],"version-history":[{"count":4,"href":"http:\/\/judo-spay.fr\/index.php?rest_route=\/wp\/v2\/pages\/211\/revisions"}],"predecessor-version":[{"id":236,"href":"http:\/\/judo-spay.fr\/index.php?rest_route=\/wp\/v2\/pages\/211\/revisions\/236"}],"wp:attachment":[{"href":"http:\/\/judo-spay.fr\/index.php?rest_route=%2Fwp%2Fv2%2Fmedia&parent=211"}],"curies":[{"name":"wp","href":"https:\/\/api.w.org\/{rel}","templated":true}]}}