{"id":1311,"date":"2023-08-07T23:11:49","date_gmt":"2023-08-07T22:11:49","guid":{"rendered":"http:\/\/judo-spay.fr\/?page_id=1311"},"modified":"2025-09-05T18:48:17","modified_gmt":"2025-09-05T17:48:17","slug":"cotisations-saison-2023-2024","status":"publish","type":"page","link":"https:\/\/judo-spay.fr\/?page_id=1311","title":{"rendered":"Cotisations [Saison 2025-2026]"},"content":{"rendered":"\n<p><strong><em>Nouveaut\u00e9: cette ann\u00e9e possibilit\u00e9 de paiement via <a href=\"https:\/\/www.helloasso.com\/associations\/judo-club-de-spay\/boutiques\/adhesion-2025-2026\">HelloAsso<\/a> par carte bancaire  !<\/em><\/strong><\/p>\n\n\n\n<figure class=\"wp-block-image size-large\"><a href=\"https:\/\/judo-spay.fr\/wp-content\/uploads\/2025\/09\/image-1.png\"><img decoding=\"async\" loading=\"lazy\" width=\"1024\" height=\"800\" src=\"https:\/\/judo-spay.fr\/wp-content\/uploads\/2025\/09\/image-1-1024x800.png\" alt=\"\" class=\"wp-image-1455\" srcset=\"https:\/\/judo-spay.fr\/wp-content\/uploads\/2025\/09\/image-1-1024x800.png 1024w, https:\/\/judo-spay.fr\/wp-content\/uploads\/2025\/09\/image-1-300x234.png 300w, https:\/\/judo-spay.fr\/wp-content\/uploads\/2025\/09\/image-1-768x600.png 768w, https:\/\/judo-spay.fr\/wp-content\/uploads\/2025\/09\/image-1-1536x1200.png 1536w, https:\/\/judo-spay.fr\/wp-content\/uploads\/2025\/09\/image-1.png 1554w\" sizes=\"(max-width: 767px) 89vw, (max-width: 1000px) 54vw, (max-width: 1071px) 543px, 580px\" \/><\/a><\/figure>\n","protected":false},"excerpt":{"rendered":"<p>Nouveaut\u00e9: cette ann\u00e9e possibilit\u00e9 de paiement via HelloAsso par carte bancaire !<\/p>\n","protected":false},"author":1,"featured_media":0,"parent":0,"menu_order":0,"comment_status":"closed","ping_status":"closed","template":"","meta":{"footnotes":""},"_links":{"self":[{"href":"https:\/\/judo-spay.fr\/index.php?rest_route=\/wp\/v2\/pages\/1311"}],"collection":[{"href":"https:\/\/judo-spay.fr\/index.php?rest_route=\/wp\/v2\/pages"}],"about":[{"href":"https:\/\/judo-spay.fr\/index.php?rest_route=\/wp\/v2\/types\/page"}],"author":[{"embeddable":true,"href":"https:\/\/judo-spay.fr\/index.php?rest_route=\/wp\/v2\/users\/1"}],"replies":[{"embeddable":true,"href":"https:\/\/judo-spay.fr\/index.php?rest_route=%2Fwp%2Fv2%2Fcomments&post=1311"}],"version-history":[{"count":11,"href":"https:\/\/judo-spay.fr\/index.php?rest_route=\/wp\/v2\/pages\/1311\/revisions"}],"predecessor-version":[{"id":1457,"href":"https:\/\/judo-spay.fr\/index.php?rest_route=\/wp\/v2\/pages\/1311\/revisions\/1457"}],"wp:attachment":[{"href":"https:\/\/judo-spay.fr\/index.php?rest_route=%2Fwp%2Fv2%2Fmedia&parent=1311"}],"curies":[{"name":"wp","href":"https:\/\/api.w.org\/{rel}","templated":true}]}}