{"id":217,"date":"2017-09-26T00:23:47","date_gmt":"2017-09-25T23:23:47","guid":{"rendered":"http:\/\/judo-spay.fr\/?page_id=217"},"modified":"2018-03-16T22:49:36","modified_gmt":"2018-03-16T21:49:36","slug":"baby-judo-ke-zako","status":"publish","type":"page","link":"https:\/\/judo-spay.fr\/?page_id=217","title":{"rendered":"Baby Judo K\u00e9 Zako ?"},"content":{"rendered":"<p style=\"padding-left: 30px;\">Le baby judo est un moment particulier ou votre enfant pourra exercer des activit\u00e9s physiques et ludiques dans le cadre des valeurs du judo :<\/p>\n<ul>\n<li style=\"padding-left: 60px;\">l\u2019amiti\u00e9,<\/li>\n<li style=\"padding-left: 60px;\">le courage,<\/li>\n<li style=\"padding-left: 60px;\">la sinc\u00e9rit\u00e9,<\/li>\n<li style=\"padding-left: 60px;\">l\u2019honneur,<\/li>\n<li style=\"padding-left: 60px;\">la modestie,<\/li>\n<li style=\"padding-left: 60px;\">le respect,<\/li>\n<li style=\"padding-left: 60px;\">le contr\u00f4le de soi,<\/li>\n<li style=\"padding-left: 60px;\">la politesse.<\/li>\n<\/ul>\n<p><a href=\"http:\/\/www.parents.fr\/enfant\/culture-et-loisirs\/le-judo-pour-les-enfants-79412\">La presse en parle ! <\/a><\/p>\n","protected":false},"excerpt":{"rendered":"<p>Le baby judo est un moment particulier ou votre enfant pourra exercer des activit\u00e9s physiques et ludiques dans le cadre des valeurs du judo : l\u2019amiti\u00e9, le courage, la sinc\u00e9rit\u00e9, l\u2019honneur, la modestie, le respect, le contr\u00f4le de soi, la politesse. La presse en parle !<\/p>\n","protected":false},"author":1,"featured_media":408,"parent":0,"menu_order":0,"comment_status":"closed","ping_status":"closed","template":"","meta":{"footnotes":""},"_links":{"self":[{"href":"https:\/\/judo-spay.fr\/index.php?rest_route=\/wp\/v2\/pages\/217"}],"collection":[{"href":"https:\/\/judo-spay.fr\/index.php?rest_route=\/wp\/v2\/pages"}],"about":[{"href":"https:\/\/judo-spay.fr\/index.php?rest_route=\/wp\/v2\/types\/page"}],"author":[{"embeddable":true,"href":"https:\/\/judo-spay.fr\/index.php?rest_route=\/wp\/v2\/users\/1"}],"replies":[{"embeddable":true,"href":"https:\/\/judo-spay.fr\/index.php?rest_route=%2Fwp%2Fv2%2Fcomments&post=217"}],"version-history":[{"count":3,"href":"https:\/\/judo-spay.fr\/index.php?rest_route=\/wp\/v2\/pages\/217\/revisions"}],"predecessor-version":[{"id":255,"href":"https:\/\/judo-spay.fr\/index.php?rest_route=\/wp\/v2\/pages\/217\/revisions\/255"}],"wp:featuredmedia":[{"embeddable":true,"href":"https:\/\/judo-spay.fr\/index.php?rest_route=\/wp\/v2\/media\/408"}],"wp:attachment":[{"href":"https:\/\/judo-spay.fr\/index.php?rest_route=%2Fwp%2Fv2%2Fmedia&parent=217"}],"curies":[{"name":"wp","href":"https:\/\/api.w.org\/{rel}","templated":true}]}}