{"id":258,"date":"2017-09-26T19:50:30","date_gmt":"2017-09-26T18:50:30","guid":{"rendered":"http:\/\/judo-spay.fr\/?page_id=258"},"modified":"2017-09-26T19:50:30","modified_gmt":"2017-09-26T18:50:30","slug":"il-etait-une-fois","status":"publish","type":"page","link":"https:\/\/judo-spay.fr\/?page_id=258","title":{"rendered":"Il \u00e9tait une fois &#8230;."},"content":{"rendered":"<p align=\"center\"><strong>JUDO CLUB de SPAY<\/strong><\/p>\n<p align=\"center\"><strong>\u00a0<\/strong><\/p>\n<p align=\"center\"><strong>&#8230;36 ANS DEJA<\/strong><\/p>\n<p>&nbsp;<\/p>\n<p>Le 21 mars 1981 naissait le JUDO CLUB de SPAY, de l\u2019imagination fertile et du dynamisme de son premier pr\u00e9sident : Jean &#8211; Luc PICARD. D\u00e9butant en cours de saison sportive, l\u2019association connut rapidement un succ\u00e8s important, proposant des cours de JUDO dispens\u00e9s par trois de nos plus \u00e9minents professeurs sarthois : Roger LABBE, Thierry LOISON et bien s\u00fbr Luc LAUNAY.<\/p>\n<p>Au d\u00e9but de la saison sportive suivante, ce dernier reprit seul l\u2019ensemble des cours en ayant toujours \u00e0 l\u2019esprit un soucis omnipr\u00e9sent de progression tant num\u00e9rique que technique.<\/p>\n<p>Les cours se d\u00e9roul\u00e8rent dans un premier temps sous le pr\u00e9au de l\u2019\u00e9cole primaire de SPAY, puis avec l\u2019accord de la municipalit\u00e9, dans une des salles du Complexe Municipal Polyvalent Jo\u00ebl LETHEULE. C\u2019est \u00e0 la rentr\u00e9e 1998 que le club put s\u2019installer d\u00e9finitivement dans le dojo du Complexe Sportif de l\u2019Avenir Fernand TAVANO, b\u00e9n\u00e9ficiant ainsi d\u2019un tatami install\u00e9 \u00e0 demeure.<\/p>\n<p>FINIS LES SOUCIS DE MONTAGES ET DE DEMONTAGES HEBDOMADAIRES\u00a0 !<\/p>\n<p>Au cours de ses trente-quatre ann\u00e9es d\u2019existence, le club connut plusieurs temps forts. sept pr\u00e9sidents se sont succ\u00e9d\u00e9s \u00e0 la t\u00eate de l\u2019association : Jean &#8211; Luc PICARD (1981\/1984), G\u00e9rard MILLET (1984\/1986), Jean &#8211; Claude DOINEAU (1986\/1991), Xavier LINAY (1991\/1997), Jocelyne BOULIFARD &#8211; MALLET, \u00e9pouse BESSON (1997\/2008), Tony MAIGNAN (2008\/2009) , Philippe BERDER (2009\/2013) et de nouveau Jocelyne BOULIFARD &#8211; MALLET, \u00e9pouse BESSON (2013\/2017). Ces sept pr\u00e9sidents n\u2019eurent qu\u2019une id\u00e9e \u00e0 l\u2019esprit : faire progresser et conna\u00eetre le club non seulement au niveau municipal, mais aussi au niveau d\u00e9partemental, par sa coop\u00e9ration avec le Comit\u00e9 D\u00e9partemental de JUDO de la Sarthe. L\u2019association prit \u00e9galement part \u00e0 plusieurs reprises, aux \u00e9changes franco &#8211; allemands.<\/p>\n<p>Du point de vue sportif, Luc LAUNAY, notre professeur de 1981 \u00e0 2004 eut le plaisir de remettre plusieurs ceintures noires, \u00e0 quelques uns de ses \u00e9l\u00e8ves spayens.<\/p>\n<p align=\"center\">Ludovic BLIN<\/p>\n<p align=\"center\">J\u00e9r\u00f4me PERROTEL<\/p>\n<p align=\"center\">Val\u00e9rie DOINEAU<\/p>\n<p align=\"center\">Jocelyne BOULIFARD-MALLET \u00e9pouse BESSON (2\u00e8me DAN)<\/p>\n<p align=\"center\">S\u00e9bastien FRAYER<\/p>\n<p align=\"center\">C\u00e9cilia PAPILLON<\/p>\n<p align=\"center\">St\u00e9phane LIGET<\/p>\n<p align=\"center\">C\u00e9line DUTERTRE<\/p>\n<p align=\"center\">Anthony CHESNEAU<\/p>\n<p align=\"center\">Olivier CRESSON<\/p>\n<p align=\"center\">Sandrine ROBINEAU<\/p>\n<p align=\"center\">Val\u00e9rie PRUDHOMME<\/p>\n<p align=\"center\">Sylvain MONTAROU<\/p>\n<p>Philippe BESSON, notre professeur depuis 1995 eut le plaisir de remettre plusieurs ceintures noires, \u00e0 quelques uns de ses \u00e9l\u00e8ves spayens.<\/p>\n<p style=\"text-align: center;\" align=\"center\">Maxime BRUON<\/p>\n<p style=\"text-align: center;\" align=\"center\">Bastien DONDEL<\/p>\n<p style=\"text-align: center;\">Sylv\u00e8ne BESSON<\/p>\n<p>\u00a0\u00a0 En tout et pour tout, le JUDO CLUB de SPAY aura vu passer dans ses rangs, quelques 912 adh\u00e9rents.<\/p>\n","protected":false},"excerpt":{"rendered":"<p>JUDO CLUB de SPAY \u00a0 &#8230;36 ANS DEJA &nbsp; Le 21 mars 1981 naissait le JUDO CLUB de SPAY, de l\u2019imagination fertile et du dynamisme de son premier pr\u00e9sident : Jean &#8211; Luc PICARD. D\u00e9butant en cours de saison sportive, l\u2019association connut rapidement un succ\u00e8s important, proposant des cours de JUDO dispens\u00e9s par trois de &hellip; <\/p>\n<p class=\"link-more\"><a href=\"https:\/\/judo-spay.fr\/?page_id=258\" class=\"more-link\">Continuer la lecture<span class=\"screen-reader-text\"> de &laquo;&nbsp;Il \u00e9tait une fois &#8230;.&nbsp;&raquo;<\/span><\/a><\/p>\n","protected":false},"author":1,"featured_media":0,"parent":0,"menu_order":0,"comment_status":"closed","ping_status":"closed","template":"","meta":{"footnotes":""},"_links":{"self":[{"href":"https:\/\/judo-spay.fr\/index.php?rest_route=\/wp\/v2\/pages\/258"}],"collection":[{"href":"https:\/\/judo-spay.fr\/index.php?rest_route=\/wp\/v2\/pages"}],"about":[{"href":"https:\/\/judo-spay.fr\/index.php?rest_route=\/wp\/v2\/types\/page"}],"author":[{"embeddable":true,"href":"https:\/\/judo-spay.fr\/index.php?rest_route=\/wp\/v2\/users\/1"}],"replies":[{"embeddable":true,"href":"https:\/\/judo-spay.fr\/index.php?rest_route=%2Fwp%2Fv2%2Fcomments&post=258"}],"version-history":[{"count":1,"href":"https:\/\/judo-spay.fr\/index.php?rest_route=\/wp\/v2\/pages\/258\/revisions"}],"predecessor-version":[{"id":260,"href":"https:\/\/judo-spay.fr\/index.php?rest_route=\/wp\/v2\/pages\/258\/revisions\/260"}],"wp:attachment":[{"href":"https:\/\/judo-spay.fr\/index.php?rest_route=%2Fwp%2Fv2%2Fmedia&parent=258"}],"curies":[{"name":"wp","href":"https:\/\/api.w.org\/{rel}","templated":true}]}}