{"id":299,"date":"2018-03-08T16:33:33","date_gmt":"2018-03-08T15:33:33","guid":{"rendered":"http:\/\/judo-spay.fr\/?page_id=299"},"modified":"2018-04-20T19:28:41","modified_gmt":"2018-04-20T18:28:41","slug":"judo","status":"publish","type":"page","link":"https:\/\/judo-spay.fr\/?page_id=299","title":{"rendered":"A chaque \u00e2ge son Judo !"},"content":{"rendered":"<p>&nbsp;<\/p>\n<p><strong>Le Judo<\/strong><\/p>\n<p>Discipline sportive et \u00e9ducative \u00e9labor\u00e9e par <a href=\"https:\/\/fr.wikipedia.org\/wiki\/Jigor%C5%8D_Kan%C5%8D\">Jigoro KANO<\/a>, le JUDO s\u2019adresse \u00e0 tous et toutes, \u00e0 tous les \u00e2ges.<\/p>\n<p>L\u2019ensemble des techniques de projection et de contr\u00f4le au sol sont toutes regroup\u00e9es au sein du <a href=\"https:\/\/www.ffjudo.com\/techniques-de-judo-gokyo-tewaza\">GOKYO<\/a>.<\/p>\n<p>Les diff\u00e9rentes prises sont \u00e9tudi\u00e9es progressivement en fonction de la maturit\u00e9 et r\u00e9p\u00e9t\u00e9es sans cesse tout au long de la formation des judokas. Ceux-ci sont ainsi pr\u00eats \u00e0 se pr\u00e9senter efficacement \u00e0 l\u2019examen de la ceinture noire dont l\u2019obtention formalise l\u2019engagement du pratiquant \u00e0 respecter et entretenir l\u2019esprit, la technique et le corps en continuant \u00e0 pratiquer pour s\u2019am\u00e9liorer et partager avec les moins grad\u00e9s.<\/p>\n<p><strong>Entre 4 et 6 ans <\/strong><\/p>\n<p>on propose le baby-judo appel\u00e9 \u00e9galement \u00e9veil-judo, bas\u00e9 sur des exercices de motricit\u00e9, seul ou \u00e0 deux, de prises de risques, d\u2019\u00e9quilibre. L\u2019apprentissage des chutes arri\u00e8res, lat\u00e9rales et avants ach\u00e8ve la p\u00e9riode d\u2019\u00e9veil pour encha\u00eener sur le pr\u00e9-judo.<\/p>\n<p><strong>Entre 6 et 8 ans<\/strong><\/p>\n<p>On aborde le le pr\u00e9-judo qui fait d\u00e9couvrir les principales familles de projection et de contr\u00f4le au sol par immobilisation du partenaire. Le principe d\u2019action \/ r\u00e9action est alors au c\u0153ur de l\u2019apprentissage tant debout qu\u2019en travail au sol.<\/p>\n<p><strong>Entre 8 et 12 ans<\/strong><\/p>\n<p>on entre dans une p\u00e9riode de perfectionnement global avec la d\u00e9couverte de nouvelle techniques dans les familles de projection et d\u2019immobilisations connues. On commence \u00e0 travailler en encha\u00eenement et \u00e0 d\u00e9terminer des secteurs d\u2019attaque.<\/p>\n<p><strong>Entre 12 et 14 ans<\/strong><\/p>\n<p>le perfectionnement devient plus individuel. Chaque pratiquant poss\u00e8de sa propre forme de corps et pr\u00e9f\u00e8re telles ou telles techniques du GOKYO. On travaille alors plus pr\u00e9cis\u00e9ment le sch\u00e9ma d\u2019attaque qui est propre \u00e0 chacun. Le <a href=\"https:\/\/www.ffjudo.com\/uploads\/elfinder\/PDF\/Federation\/DISCIPLINE\/JUDO\/KATA\/Guid_Jud_Nage_No_kata.pdf\">NAGE NO KATA<\/a> (formes de projections codifi\u00e9es) est alors \u00e9tudi\u00e9 afin que les judokas en saisissent bien l\u2019esprit et ma\u00eetrisent suffisamment les principes pour pouvoir se pr\u00e9senter d\u00e8s 15 ans r\u00e9volus et une ann\u00e9e de ceinture marron \u00e0 l\u2019examen de la ceinture noire.<\/p>\n","protected":false},"excerpt":{"rendered":"<p>&nbsp; Le Judo Discipline sportive et \u00e9ducative \u00e9labor\u00e9e par Jigoro KANO, le JUDO s\u2019adresse \u00e0 tous et toutes, \u00e0 tous les \u00e2ges. L\u2019ensemble des techniques de projection et de contr\u00f4le au sol sont toutes regroup\u00e9es au sein du GOKYO. Les diff\u00e9rentes prises sont \u00e9tudi\u00e9es progressivement en fonction de la maturit\u00e9 et r\u00e9p\u00e9t\u00e9es sans cesse tout &hellip; <\/p>\n<p class=\"link-more\"><a href=\"https:\/\/judo-spay.fr\/?page_id=299\" class=\"more-link\">Continuer la lecture<span class=\"screen-reader-text\"> de &laquo;&nbsp;A chaque \u00e2ge son Judo !&nbsp;&raquo;<\/span><\/a><\/p>\n","protected":false},"author":1,"featured_media":0,"parent":0,"menu_order":0,"comment_status":"closed","ping_status":"closed","template":"","meta":{"footnotes":""},"_links":{"self":[{"href":"https:\/\/judo-spay.fr\/index.php?rest_route=\/wp\/v2\/pages\/299"}],"collection":[{"href":"https:\/\/judo-spay.fr\/index.php?rest_route=\/wp\/v2\/pages"}],"about":[{"href":"https:\/\/judo-spay.fr\/index.php?rest_route=\/wp\/v2\/types\/page"}],"author":[{"embeddable":true,"href":"https:\/\/judo-spay.fr\/index.php?rest_route=\/wp\/v2\/users\/1"}],"replies":[{"embeddable":true,"href":"https:\/\/judo-spay.fr\/index.php?rest_route=%2Fwp%2Fv2%2Fcomments&post=299"}],"version-history":[{"count":7,"href":"https:\/\/judo-spay.fr\/index.php?rest_route=\/wp\/v2\/pages\/299\/revisions"}],"predecessor-version":[{"id":416,"href":"https:\/\/judo-spay.fr\/index.php?rest_route=\/wp\/v2\/pages\/299\/revisions\/416"}],"wp:attachment":[{"href":"https:\/\/judo-spay.fr\/index.php?rest_route=%2Fwp%2Fv2%2Fmedia&parent=299"}],"curies":[{"name":"wp","href":"https:\/\/api.w.org\/{rel}","templated":true}]}}