{"id":9,"date":"2017-07-13T17:09:51","date_gmt":"2017-07-13T16:09:51","guid":{"rendered":"http:\/\/judo-spay.fr\/?page_id=9"},"modified":"2022-08-10T07:23:14","modified_gmt":"2022-08-10T06:23:14","slug":"horaires","status":"publish","type":"page","link":"https:\/\/judo-spay.fr\/?page_id=9","title":{"rendered":"Horaires Judo"},"content":{"rendered":"<h1>Horaires des cours de Judo<\/h1>\n<p><strong>Tous les cours ont lieu le vendredi, hors vacances scolaires et jours f\u00e9ri\u00e9s, au Dojo du Gymnase Fernand TAVANO \u00e0 Spay.<\/strong><\/p>\n\n<table id=\"tablepress-27\" class=\"tablepress tablepress-id-27\">\n<thead>\n<tr class=\"row-1 odd\">\n\t<th class=\"column-1\">Niveau<\/th><th class=\"column-2\">Horaire 2022-2023<\/th>\n<\/tr>\n<\/thead>\n<tbody class=\"row-hover\">\n<tr class=\"row-2 even\">\n\t<td class=\"column-1\">Baby judo - Eveil Judo<br \/>\n(4 &amp; 5 ans)<\/td><td class=\"column-2\">17h00 \u00e0 17h45<\/td>\n<\/tr>\n<tr class=\"row-3 odd\">\n\t<td class=\"column-1\">Pr\u00e9-Judo<br \/>\n(6 \u00e0 8 ans)<\/td><td class=\"column-2\">17h45 \u00e0 18h45<\/td>\n<\/tr>\n<tr class=\"row-4 even\">\n\t<td class=\"column-1\">Judo Enfants<br \/>\n(9 \u00e0 12 ans)<\/td><td class=\"column-2\">18h45 \u00e0 20h15<\/td>\n<\/tr>\n<tr class=\"row-5 odd\">\n\t<td class=\"column-1\">Judo Ados\/Adulte (13 ans et plus)<\/td><td class=\"column-2\"> 20h15 \u00e0 21h45<\/td>\n<\/tr>\n<\/tbody>\n<\/table>\n<!-- #tablepress-27 from cache -->\n","protected":false},"excerpt":{"rendered":"<p>Horaires des cours de Judo Tous les cours ont lieu le vendredi, hors vacances scolaires et jours f\u00e9ri\u00e9s, au Dojo du Gymnase Fernand TAVANO \u00e0 Spay.<\/p>\n","protected":false},"author":1,"featured_media":0,"parent":0,"menu_order":0,"comment_status":"closed","ping_status":"closed","template":"","meta":{"footnotes":""},"_links":{"self":[{"href":"https:\/\/judo-spay.fr\/index.php?rest_route=\/wp\/v2\/pages\/9"}],"collection":[{"href":"https:\/\/judo-spay.fr\/index.php?rest_route=\/wp\/v2\/pages"}],"about":[{"href":"https:\/\/judo-spay.fr\/index.php?rest_route=\/wp\/v2\/types\/page"}],"author":[{"embeddable":true,"href":"https:\/\/judo-spay.fr\/index.php?rest_route=\/wp\/v2\/users\/1"}],"replies":[{"embeddable":true,"href":"https:\/\/judo-spay.fr\/index.php?rest_route=%2Fwp%2Fv2%2Fcomments&post=9"}],"version-history":[{"count":8,"href":"https:\/\/judo-spay.fr\/index.php?rest_route=\/wp\/v2\/pages\/9\/revisions"}],"predecessor-version":[{"id":1070,"href":"https:\/\/judo-spay.fr\/index.php?rest_route=\/wp\/v2\/pages\/9\/revisions\/1070"}],"wp:attachment":[{"href":"https:\/\/judo-spay.fr\/index.php?rest_route=%2Fwp%2Fv2%2Fmedia&parent=9"}],"curies":[{"name":"wp","href":"https:\/\/api.w.org\/{rel}","templated":true}]}}